{"id":31,"date":"2020-04-13T11:18:52","date_gmt":"2020-04-13T11:18:52","guid":{"rendered":"https:\/\/mezcalmalditaculpa.com\/about\/"},"modified":"2025-04-11T18:52:30","modified_gmt":"2025-04-11T18:52:30","slug":"about","status":"publish","type":"page","link":"https:\/\/mezcalmalditaculpa.com\/?page_id=31","title":{"rendered":"About"},"content":{"rendered":"<h1>Historia<\/h1>\n<p>Mezcal para los culpables<\/p>\n<p>Maldita Culpa tiene sus or\u00edgenes en el a\u00f1o de 1946 con Don Efr\u00e9n Santiago quien dedic\u00f3 su vida al cultivo y cuidado de agave en el campo, sembrando y cosechando su propia tierra para la producci\u00f3n de mezcal durante toda su vida; inculc\u00e1ndole esta pasi\u00f3n y este amor a su nieto Kevin Santiago siendo este el que continuara con la tradici\u00f3n y expandiera la herencia familiar fortaleciendo el tema del maguey y del mezcal llegando a crear en el a\u00f1o 2018 la marca mezcalera Maldita Culpa con la cual pretende conquistar todos los paladares del mundo teniendo el distintivo de calidad y autenticidad.<\/p>\n<p>Maldita Culpa tiene su lugar de producci\u00f3n en San Dionisio Ocotepec Oaxaca, teniendo a su cargo la elaboraci\u00f3n de cuatro variedades de mezcal:<\/p>\n<ul style=\"font-size: 16px;font-style: normal;font-weight: 400\">\n<li style=\"font-size: 16px\">Espad\u00edn (Agave Angustifolia)<\/li>\n<li style=\"font-size: 16px\">Cuishe (Karwinskii)<\/li>\n<li style=\"font-size: 16px\">Tepeztate (Marmorata)<\/li>\n<li style=\"font-size: 16px\">Tobal\u00e1 (Potatorum)<\/li>\n<\/ul>\n<p>Todos nuestros mezcales se elaboran de manera artesanal; cociendo las pi\u00f1as del agave en horno c\u00f3nico de piedra, moliendo en tahona de cantera, fermentando en tinas de madera y destilado doble vez en alambique de cobre para obtener un producto ultra fino.<\/p>\n<p><strong><em>SI DE CULPAS HABLAMOS, LA MALDITA CULPA SABE A MEZCAL<\/em><\/strong><\/p>\n<p>Porque todos tenemos una culpa, sea buena o sea mala, Mezcal Maldita Culpa nos transporta a momentos de placer y felicidad culposa vividos con alguien especial, alg\u00fan secreto jam\u00e1s contado, pero al final una culpa.<\/p>\n<p><b>\u00a1No te preocupes de la resaca que un buen mezcal podr\u00e1 ser celoso, pero jam\u00e1s traicionero!<\/b><\/p>\n<p><em>Conoce m\u00e1s de nuestra marca<\/em> en sus redes sociales, b\u00fascanos como Mezcal Maldita Culpa en Facebook y Mezcal Maldita Culpa en instagram.<\/p>\n<p><b>\u00a1Qu\u00e9date con la culpa, no con las ganas!<\/b><\/p>\n<h2>Misi\u00f3n<\/h2>\n<p>Compartir con nuestros clientes el deleite y experiencia sensorial de nuestros mezcales producidos artesanalmente y con lo m\u00e1s altos est\u00e1ndares, a trav\u00e9s de un modelo de negocios sustentable, comprometidos con la comunidad y el medio ambiente.<\/p>\n<h2>Visi\u00f3n<\/h2>\n<p>Ser una empresa exportadora de cultura l\u00edquida del mezcal, reconocida a nivel mundial por su sabor tradici\u00f3n y experiencia, brindando trabajo a las familias oaxaque\u00f1as y aportando a la econom\u00eda de nuestro estado.<\/p>\n<h2>valores<\/h2>\n<ul>\n<li>Responsabilidad<\/li>\n<li>Compromiso<\/li>\n<li>Respeto<\/li>\n<li>Tradici\u00f3n<\/li>\n<\/ul>\n","protected":false},"excerpt":{"rendered":"<p>Historia Mezcal para los culpables Maldita Culpa tiene sus or\u00edgenes en el a\u00f1o de 1946 con Don Efr\u00e9n Santiago quien dedic\u00f3 su vida al cultivo y cuidado de agave en el campo, sembrando y cosechando su propia tierra para la producci\u00f3n de mezcal durante toda su vida; inculc\u00e1ndole esta pasi\u00f3n y este amor a su [&hellip;]<\/p>\n","protected":false},"author":20,"featured_media":0,"parent":0,"menu_order":0,"comment_status":"closed","ping_status":"closed","template":"","meta":{"site-sidebar-layout":"no-sidebar","site-content-layout":"page-builder","ast-site-content-layout":"full-width-container","site-content-style":"unboxed","site-sidebar-style":"unboxed","ast-global-header-display":"","ast-banner-title-visibility":"","ast-main-header-display":"","ast-hfb-above-header-display":"","ast-hfb-below-header-display":"","ast-hfb-mobile-header-display":"","site-post-title":"disabled","ast-breadcrumbs-content":"","ast-featured-img":"","footer-sml-layout":"","ast-disable-related-posts":"","theme-transparent-header-meta":"enabled","adv-header-id-meta":"","stick-header-meta":"","header-above-stick-meta":"","header-main-stick-meta":"","header-below-stick-meta":"","astra-migrate-meta-layouts":"set","ast-page-background-enabled":"default","ast-page-background-meta":{"desktop":{"background-color":"","background-image":"","background-repeat":"repeat","background-position":"center center","background-size":"auto","background-attachment":"scroll","background-type":"","background-media":"","overlay-type":"","overlay-color":"","overlay-opacity":"","overlay-gradient":""},"tablet":{"background-color":"","background-image":"","background-repeat":"repeat","background-position":"center center","background-size":"auto","background-attachment":"scroll","background-type":"","background-media":"","overlay-type":"","overlay-color":"","overlay-opacity":"","overlay-gradient":""},"mobile":{"background-color":"","background-image":"","background-repeat":"repeat","background-position":"center center","background-size":"auto","background-attachment":"scroll","background-type":"","background-media":"","overlay-type":"","overlay-color":"","overlay-opacity":"","overlay-gradient":""}},"ast-content-background-meta":{"desktop":{"background-color":"var(--ast-global-color-5)","background-image":"","background-repeat":"repeat","background-position":"center center","background-size":"auto","background-attachment":"scroll","background-type":"","background-media":"","overlay-type":"","overlay-color":"","overlay-opacity":"","overlay-gradient":""},"tablet":{"background-color":"var(--ast-global-color-5)","background-image":"","background-repeat":"repeat","background-position":"center center","background-size":"auto","background-attachment":"scroll","background-type":"","background-media":"","overlay-type":"","overlay-color":"","overlay-opacity":"","overlay-gradient":""},"mobile":{"background-color":"var(--ast-global-color-5)","background-image":"","background-repeat":"repeat","background-position":"center center","background-size":"auto","background-attachment":"scroll","background-type":"","background-media":"","overlay-type":"","overlay-color":"","overlay-opacity":"","overlay-gradient":""}},"footnotes":""},"class_list":["post-31","page","type-page","status-publish","hentry"],"_links":{"self":[{"href":"https:\/\/mezcalmalditaculpa.com\/index.php?rest_route=\/wp\/v2\/pages\/31","targetHints":{"allow":["GET"]}}],"collection":[{"href":"https:\/\/mezcalmalditaculpa.com\/index.php?rest_route=\/wp\/v2\/pages"}],"about":[{"href":"https:\/\/mezcalmalditaculpa.com\/index.php?rest_route=\/wp\/v2\/types\/page"}],"author":[{"embeddable":true,"href":"https:\/\/mezcalmalditaculpa.com\/index.php?rest_route=\/wp\/v2\/users\/20"}],"replies":[{"embeddable":true,"href":"https:\/\/mezcalmalditaculpa.com\/index.php?rest_route=%2Fwp%2Fv2%2Fcomments&post=31"}],"version-history":[{"count":47,"href":"https:\/\/mezcalmalditaculpa.com\/index.php?rest_route=\/wp\/v2\/pages\/31\/revisions"}],"predecessor-version":[{"id":1303,"href":"https:\/\/mezcalmalditaculpa.com\/index.php?rest_route=\/wp\/v2\/pages\/31\/revisions\/1303"}],"wp:attachment":[{"href":"https:\/\/mezcalmalditaculpa.com\/index.php?rest_route=%2Fwp%2Fv2%2Fmedia&parent=31"}],"curies":[{"name":"wp","href":"https:\/\/api.w.org\/{rel}","templated":true}]}}